{"id":144,"date":"2026-01-06T11:15:32","date_gmt":"2026-01-06T04:15:32","guid":{"rendered":"https:\/\/namgiaseafood.com\/?page_id=144"},"modified":"2026-01-07T11:11:48","modified_gmt":"2026-01-07T04:11:48","slug":"menu","status":"publish","type":"page","link":"https:\/\/namgiaseafood.com\/en\/menu\/","title":{"rendered":"MENU"},"content":{"rendered":"\n\n\n\n\n<style>\n\/* 1. C\u1ea4U H\u00ccNH TI\u00caU \u0110\u1ec0 & L\u01afU \u00dd *\/\n.namgia-menu-container {\n  width: 100%;\n  max-width: 1200px;\n  margin: 0 auto;\n}\n\nh2.menu-heading {\n  text-align: center;\n  font-size: 28px;\n  text-transform: uppercase;\n  color: #333;\n  margin-bottom: 30px;\n  font-weight: 700;\n  position: relative;\n  padding-bottom: 15px;\n}\n\nh2.menu-heading::after {\n  content: \"\";\n  display: block;\n  width: 60px;\n  height: 3px;\n  background: #d4a373;\n  margin: 10px auto 0;\n}\n\np.menu-note {\n  text-align: center;\n  font-style: italic;\n  color: #666;\n  font-size: 14px;\n  margin-top: 25px;\n  padding: 10px;\n  background-color: #f9f9f9;\n  border-radius: 5px;\n  line-height: 1.6;\n}\n\n\/* 2. C\u1ea4U H\u00ccNH L\u01af\u1edaI \u1ea2NH (GRID) *\/\n.namgia-menu-gallery {\n  display: grid;\n  grid-template-columns: repeat(4, 1fr);\n  gap: 20px;\n}\n\n.menu-item-card {\n  position: relative;\n  border-radius: 12px;\n  overflow: hidden;\n  box-shadow: 0 5px 15px rgba(0,0,0,0.08);\n  transition: all 0.3s ease;\n  background: #fff;\n  border: 1px solid #eee;\n}\n\n.menu-item-card:hover {\n  transform: translateY(-5px);\n  box-shadow: 0 15px 30px rgba(0,0,0,0.15);\n}\n\n.menu-item-card img {\n  width: 100%;\n  height: auto;\n  display: block;\n  transition: transform 0.5s ease;\n}\n\n\/* 3. RESPONSIVE *\/\n@media (max-width: 1024px) {\n  .namgia-menu-gallery {\n    grid-template-columns: repeat(3, 1fr);\n  }\n}\n\n@media (max-width: 768px) {\n  h2.menu-heading {\n    font-size: 22px;\n  }\n  .namgia-menu-gallery {\n    grid-template-columns: repeat(2, 1fr);\n    gap: 10px;\n  }\n}\n\n@media (max-width: 480px) {\n  .namgia-menu-gallery {\n    grid-template-columns: 1fr;\n  }\n}\n<\/style>\n\n<div class=\"namgia-menu-container\">\n\n  <h2 class=\"menu-heading\">NAM GIA SEAFOOD MENU<\/h2>\n\n<div class=\"namgia-menu-gallery\">\n\n  <div class=\"menu-item-card\">\n    <img decoding=\"async\" src=\"https:\/\/namgiaseafood.com\/wp-content\/uploads\/2026\/02\/anh-bia-menu-nam-gia-01.webp\" alt=\"Nam Gia Seafood Menu Cover\" loading=\"lazy\">\n  <\/div>\n\n  <div class=\"menu-item-card\">\n    <img decoding=\"async\" src=\"https:\/\/namgiaseafood.com\/wp-content\/uploads\/2026\/02\/MENU-NAM-GIA-TIENG-ANH-2026-CHUAN-01.webp\" alt=\"Nam Gia Restaurant Menu Page 01\" loading=\"lazy\">\n  <\/div>\n\n  <div class=\"menu-item-card\">\n    <img decoding=\"async\" src=\"https:\/\/namgiaseafood.com\/wp-content\/uploads\/2026\/02\/MENU-NAM-GIA-TIENG-ANH-2026-CHUAN-02.webp\" alt=\"Nam Gia Restaurant Menu Page 02\" loading=\"lazy\">\n  <\/div>\n\n  <div class=\"menu-item-card\">\n    <img decoding=\"async\" src=\"https:\/\/namgiaseafood.com\/wp-content\/uploads\/2026\/02\/MENU-NAM-GIA-TIENG-ANH-2026-CHUAN-03.webp\" alt=\"Nam Gia Restaurant Menu Page 03\" loading=\"lazy\">\n  <\/div>\n\n  <div class=\"menu-item-card\">\n    <img decoding=\"async\" src=\"https:\/\/namgiaseafood.com\/wp-content\/uploads\/2026\/02\/MENU-NAM-GIA-TIENG-ANH-2026-CHUAN-04.webp\" alt=\"Nam Gia Restaurant Menu Page 04\" loading=\"lazy\">\n  <\/div>\n\n  <div class=\"menu-item-card\">\n    <img decoding=\"async\" src=\"https:\/\/namgiaseafood.com\/wp-content\/uploads\/2026\/02\/MENU-NAM-GIA-TIENG-ANH-2026-CHUAN-05.webp\" alt=\"Nam Gia Restaurant Menu Page 05\" loading=\"lazy\">\n  <\/div>\n\n  <div class=\"menu-item-card\">\n    <img decoding=\"async\" src=\"https:\/\/namgiaseafood.com\/wp-content\/uploads\/2026\/02\/MENU-NAM-GIA-TIENG-ANH-2026-CHUAN-06.webp\" alt=\"Nam Gia Restaurant Menu Page 06\" loading=\"lazy\">\n  <\/div>\n\n  <div class=\"menu-item-card\">\n    <img decoding=\"async\" src=\"https:\/\/namgiaseafood.com\/wp-content\/uploads\/2026\/02\/MENU-NAM-GIA-TIENG-ANH-2026-CHUAN-07.webp\" alt=\"Nam Gia Restaurant Menu Page 07\" loading=\"lazy\">\n  <\/div>\n\n    <div class=\"menu-item-card\">\n    <img decoding=\"async\" src=\"https:\/\/namgiaseafood.com\/wp-content\/uploads\/2026\/02\/MENU-NAM-GIA-TIENG-ANH-2026-CHUAN-08.webp\" alt=\"Nam Gia Restaurant Menu Page 08\" loading=\"lazy\">\n  <\/div>\n\n  <div class=\"menu-item-card\">\n    <img decoding=\"async\" src=\"https:\/\/namgiaseafood.com\/wp-content\/uploads\/2026\/02\/MENU-NAM-GIA-TIENG-ANH-2026-CHUAN-09.webp\" alt=\"Nam Gia Restaurant Menu Page 09\" loading=\"lazy\">\n  <\/div>\n\n  <div class=\"menu-item-card\">\n    <img decoding=\"async\" src=\"https:\/\/namgiaseafood.com\/wp-content\/uploads\/2026\/02\/MENU-NAM-GIA-TIENG-ANH-2026-CHUAN-10.webp\" alt=\"Nam Gia Restaurant Menu Page 10\" loading=\"lazy\">\n  <\/div>\n\n  <div class=\"menu-item-card\">\n    <img decoding=\"async\" src=\"https:\/\/namgiaseafood.com\/wp-content\/uploads\/2026\/02\/MENU-NAM-GIA-TIENG-ANH-2026-CHUAN-11.webp\" alt=\"Nam Gia Restaurant Menu Page 11\" loading=\"lazy\">\n  <\/div>\n\n  <div class=\"menu-item-card\">\n    <img decoding=\"async\" src=\"https:\/\/namgiaseafood.com\/wp-content\/uploads\/2026\/02\/MENU-NAM-GIA-TIENG-ANH-2026-CHUAN-12.webp\" alt=\"Nam Gia Restaurant Menu Page 12\" loading=\"lazy\">\n  <\/div>\n\n  <div class=\"menu-item-card\">\n    <img decoding=\"async\" src=\"https:\/\/namgiaseafood.com\/wp-content\/uploads\/2026\/02\/MENU-NAM-GIA-TIENG-ANH-2026-CHUAN-13.webp\" alt=\"Nam Gia Restaurant Menu Page 13\" loading=\"lazy\">\n  <\/div>\n\n  <div class=\"menu-item-card\">\n    <img decoding=\"async\" src=\"https:\/\/namgiaseafood.com\/wp-content\/uploads\/2026\/02\/MENU-NAM-GIA-TIENG-ANH-2026-CHUAN-14.webp\" alt=\"Nam Gia Restaurant Menu Page 14\" loading=\"lazy\">\n  <\/div>\n\n  <div class=\"menu-item-card\">\n    <img decoding=\"async\" src=\"https:\/\/namgiaseafood.com\/wp-content\/uploads\/2026\/02\/MENU-NAM-GIA-TIENG-ANH-2026-CHUAN-15.webp\" alt=\"Nam Gia Restaurant Menu Page 15\" loading=\"lazy\">\n  <\/div>\n\n  <div class=\"menu-item-card\">\n    <img decoding=\"async\" src=\"https:\/\/namgiaseafood.com\/wp-content\/uploads\/2026\/02\/MENU-NAM-GIA-TIENG-ANH-2026-CHUAN-16.webp\" alt=\"Nam Gia Restaurant Menu Page 16\" loading=\"lazy\">\n  <\/div>\n\n  <div class=\"menu-item-card\">\n    <img decoding=\"async\" src=\"https:\/\/namgiaseafood.com\/wp-content\/uploads\/2026\/02\/MENU-NAM-GIA-TIENG-ANH-2026-CHUAN-17.webp\" alt=\"Nam Gia Restaurant Menu Page 17\" loading=\"lazy\">\n  <\/div>\n\n  <div class=\"menu-item-card\">\n    <img decoding=\"async\" src=\"https:\/\/namgiaseafood.com\/wp-content\/uploads\/2026\/02\/MENU-NAM-GIA-TIENG-ANH-2026-CHUAN-18.webp\" alt=\"Nam Gia Restaurant Menu Page 18\" loading=\"lazy\">\n  <\/div>\n\n  <div class=\"menu-item-card\">\n    <img decoding=\"async\" src=\"https:\/\/namgiaseafood.com\/wp-content\/uploads\/2026\/02\/MENU-NAM-GIA-TIENG-ANH-2026-CHUAN-19.webp\" alt=\"Nam Gia Restaurant Menu Page 19\" loading=\"lazy\">\n  <\/div>\n\n<\/div>\n\n  <p class=\"menu-note\">\n    * Note: Menu prices are for reference only and may change due to timing and seafood season. Please contact our staff or Whatsapp for accurate consultation.\n  <\/p>\n\n<\/div>\n\n\n","protected":false},"excerpt":{"rendered":"","protected":false},"author":123,"featured_media":0,"parent":0,"menu_order":0,"comment_status":"closed","ping_status":"closed","template":"","meta":{"footnotes":""},"class_list":["post-144","page","type-page","status-publish","hentry"],"_links":{"self":[{"href":"https:\/\/namgiaseafood.com\/en\/wp-json\/wp\/v2\/pages\/144","targetHints":{"allow":["GET"]}}],"collection":[{"href":"https:\/\/namgiaseafood.com\/en\/wp-json\/wp\/v2\/pages"}],"about":[{"href":"https:\/\/namgiaseafood.com\/en\/wp-json\/wp\/v2\/types\/page"}],"author":[{"embeddable":true,"href":"https:\/\/namgiaseafood.com\/en\/wp-json\/wp\/v2\/users\/123"}],"replies":[{"embeddable":true,"href":"https:\/\/namgiaseafood.com\/en\/wp-json\/wp\/v2\/comments?post=144"}],"version-history":[{"count":1,"href":"https:\/\/namgiaseafood.com\/en\/wp-json\/wp\/v2\/pages\/144\/revisions"}],"predecessor-version":[{"id":145,"href":"https:\/\/namgiaseafood.com\/en\/wp-json\/wp\/v2\/pages\/144\/revisions\/145"}],"wp:attachment":[{"href":"https:\/\/namgiaseafood.com\/en\/wp-json\/wp\/v2\/media?parent=144"}],"curies":[{"name":"wp","href":"https:\/\/api.w.org\/{rel}","templated":true}]}}