{"id":153,"date":"2026-01-06T10:58:43","date_gmt":"2026-01-06T03:58:43","guid":{"rendered":"https:\/\/namgiaseafood.com\/?page_id=153"},"modified":"2026-01-07T11:20:49","modified_gmt":"2026-01-07T04:20:49","slug":"blog","status":"publish","type":"page","link":"https:\/\/namgiaseafood.com\/en\/blog\/","title":{"rendered":"BLOG"},"content":{"rendered":"\n\n\n<div class=\"facebook-responsive-wrapper\">\n  <iframe loading=\"lazy\" src=\"https:\/\/www.facebook.com\/plugins\/page.php?href=https%3A%2F%2Fwww.facebook.com%2Fseafoodnamgia&amp;tabs=timeline&amp;width=500&amp;height=600&amp;small_header=false&amp;adapt_container_width=true&amp;hide_cover=false&amp;show_facepile=false&amp;appId\" width=\"500\" height=\"600\" style=\"border:none;overflow:hidden\" scrolling=\"no\" frameborder=\"0\" allowfullscreen=\"true\" allow=\"autoplay; clipboard-write; encrypted-media; picture-in-picture; web-share\">\n  <\/iframe>\n<\/div>\n\n<style>\n\/* Code gi\u00fap hi\u1ec3n th\u1ecb t\u1ed1t tr\u00ean m\u1ecdi m\u00e0n h\u00ecnh *\/\n.facebook-responsive-wrapper {\n  width: 100%;\n  display: flex;\n  justify-content: center; \/* C\u0103n gi\u1eefa khung n\u00e0y tr\u00ean m\u00e1y t\u00ednh *\/\n  background: #fff;\n  padding: 10px;\n}\n\n.facebook-responsive-wrapper iframe {\n  max-width: 100% !important; \/* Quan tr\u1ecdng: Gi\u00fap co nh\u1ecf l\u1ea1i khi xem tr\u00ean \u0111i\u1ec7n tho\u1ea1i *\/\n}\n<\/style>\n\n","protected":false},"excerpt":{"rendered":"","protected":false},"author":123,"featured_media":0,"parent":0,"menu_order":0,"comment_status":"closed","ping_status":"closed","template":"","meta":{"footnotes":""},"class_list":["post-153","page","type-page","status-publish","hentry"],"_links":{"self":[{"href":"https:\/\/namgiaseafood.com\/en\/wp-json\/wp\/v2\/pages\/153","targetHints":{"allow":["GET"]}}],"collection":[{"href":"https:\/\/namgiaseafood.com\/en\/wp-json\/wp\/v2\/pages"}],"about":[{"href":"https:\/\/namgiaseafood.com\/en\/wp-json\/wp\/v2\/types\/page"}],"author":[{"embeddable":true,"href":"https:\/\/namgiaseafood.com\/en\/wp-json\/wp\/v2\/users\/123"}],"replies":[{"embeddable":true,"href":"https:\/\/namgiaseafood.com\/en\/wp-json\/wp\/v2\/comments?post=153"}],"version-history":[{"count":1,"href":"https:\/\/namgiaseafood.com\/en\/wp-json\/wp\/v2\/pages\/153\/revisions"}],"predecessor-version":[{"id":154,"href":"https:\/\/namgiaseafood.com\/en\/wp-json\/wp\/v2\/pages\/153\/revisions\/154"}],"wp:attachment":[{"href":"https:\/\/namgiaseafood.com\/en\/wp-json\/wp\/v2\/media?parent=153"}],"curies":[{"name":"wp","href":"https:\/\/api.w.org\/{rel}","templated":true}]}}