{"id":223,"date":"2026-01-05T20:35:30","date_gmt":"2026-01-05T13:35:30","guid":{"rendered":"https:\/\/namgiaseafood.com\/?page_id=223"},"modified":"2026-04-07T17:46:10","modified_gmt":"2026-04-07T10:46:10","slug":"%e9%a0%90%e7%b4%84","status":"publish","type":"page","link":"https:\/\/namgiaseafood.com\/zh-hant\/%e9%a0%90%e7%b4%84\/","title":{"rendered":"\u9810\u7d04"},"content":{"rendered":"\n\n\n\n<div class=\"wpcf7 no-js\" id=\"wpcf7-f247-o1\" lang=\"vi\" dir=\"ltr\" data-wpcf7-id=\"247\">\n<div class=\"screen-reader-response\"><p role=\"status\" aria-live=\"polite\" aria-atomic=\"true\"><\/p> <ul><\/ul><\/div>\n<form action=\"\/zh-hant\/wp-json\/wp\/v2\/pages\/223#wpcf7-f247-o1\" method=\"post\" class=\"wpcf7-form init\" aria-label=\"Form li\u00ean h\u1ec7\" novalidate=\"novalidate\" data-status=\"init\">\n<fieldset class=\"hidden-fields-container\"><input type=\"hidden\" name=\"_wpcf7\" value=\"247\" \/><input type=\"hidden\" name=\"_wpcf7_version\" value=\"6.1.4\" \/><input type=\"hidden\" name=\"_wpcf7_locale\" value=\"vi\" \/><input type=\"hidden\" name=\"_wpcf7_unit_tag\" value=\"wpcf7-f247-o1\" \/><input type=\"hidden\" name=\"_wpcf7_container_post\" value=\"0\" \/><input type=\"hidden\" name=\"_wpcf7_posted_data_hash\" value=\"\" \/>\n<\/fieldset>\n<div class=\"booking-form-wrapper\">\n\t<div class=\"form-row\">\n\t\t<div class=\"form-col half-width\">\n\t\t\t<p><label> \u806f\u7d61\u4eba\u59d3\u540d (Name) *<br \/>\n<span class=\"wpcf7-form-control-wrap\" data-name=\"your-name\"><input size=\"40\" maxlength=\"400\" class=\"wpcf7-form-control wpcf7-text wpcf7-validates-as-required\" autocomplete=\"name\" aria-required=\"true\" aria-invalid=\"false\" placeholder=\"\u8acb\u8f38\u5165\u60a8\u7684\u5168\u540d\" value=\"\" type=\"text\" name=\"your-name\" \/><\/span><br \/>\n<\/label>\n\t\t\t<\/p>\n\t\t<\/div>\n\t\t<div class=\"form-col half-width\">\n\t\t\t<p><label> WhatsApp \/ \u806f\u7d61\u96fb\u8a71 *<br \/>\n<span class=\"wpcf7-form-control-wrap\" data-name=\"tel-507\"><input size=\"40\" maxlength=\"400\" class=\"wpcf7-form-control wpcf7-tel wpcf7-validates-as-required wpcf7-text wpcf7-validates-as-tel\" aria-required=\"true\" aria-invalid=\"false\" placeholder=\"\u8acb\u52d9\u5fc5\u5305\u542b\u570b\u78bc (\u4f8b\u5982 +886, +852...)\" value=\"\" type=\"tel\" name=\"tel-507\" \/><\/span><br \/>\n<\/label>\n\t\t\t<\/p>\n\t\t<\/div>\n\t<\/div>\n\t<div class=\"form-row\">\n\t\t<div class=\"form-col half-width\">\n\t\t\t<p><label> \u9810\u8a02\u65e5\u671f (Date) *<br \/>\n<span class=\"wpcf7-form-control-wrap\" data-name=\"date-130\"><input class=\"wpcf7-form-control wpcf7-date wpcf7-validates-as-required wpcf7-validates-as-date\" min=\"2026-02-20\" aria-required=\"true\" aria-invalid=\"false\" placeholder=\"\u9078\u64c7\u65e5\u671f\" value=\"\" type=\"date\" name=\"date-130\" \/><\/span><br \/>\n<\/label>\n\t\t\t<\/p>\n\t\t<\/div>\n\t\t<div class=\"form-col half-width\">\n\t\t\t<p><label> \u9810\u8a08\u62b5\u9054\u6642\u9593 (Time) *<br \/>\n<span class=\"wpcf7-form-control-wrap\" data-name=\"text-209\"><input size=\"40\" maxlength=\"400\" class=\"wpcf7-form-control wpcf7-text wpcf7-validates-as-required\" aria-required=\"true\" aria-invalid=\"false\" placeholder=\"\u4f8b\u5982\uff1a18:30 \u6216 \u4e0b\u5348 6:30\" value=\"\" type=\"text\" name=\"text-209\" \/><\/span><br \/>\n<\/label>\n\t\t\t<\/p>\n\t\t<\/div>\n\t<\/div>\n\t<div class=\"form-row\">\n\t\t<div class=\"form-col full-width\">\n\t\t\t<p><label> \u7528\u9910\u4eba\u6578 (Guests)<br \/>\n<span class=\"wpcf7-form-control-wrap\" data-name=\"text-189\"><input class=\"wpcf7-form-control wpcf7-number wpcf7-validates-as-number\" min=\"1\" max=\"50\" aria-invalid=\"false\" placeholder=\"\u8acb\u554f\u5171\u6709\u5e7e\u4f4d\u8cb4\u8cd3\uff1f\" value=\"\" type=\"number\" name=\"text-189\" \/><\/span><br \/>\n<\/label>\n\t\t\t<\/p>\n\t\t<\/div>\n\t<\/div>\n\t<div class=\"form-row\">\n\t\t<div class=\"form-col full-width\">\n\t\t\t<p><label> \u7279\u6b8a\u9700\u6c42\u5099\u8a3b (Optional)<br \/>\n<span class=\"wpcf7-form-control-wrap\" data-name=\"your-message\"><textarea cols=\"40\" rows=\"3\" maxlength=\"2000\" class=\"wpcf7-form-control wpcf7-textarea\" aria-invalid=\"false\" placeholder=\"\u4f8b\u5982\uff1a\u98df\u7269\u904e\u654f\u3001\u5ea7\u4f4d\u559c\u597d(\u6236\u5916\/\u5ba4\u5167)\u3001\u6176\u751f\u9700\u6c42...\" name=\"your-message\"><\/textarea><\/span><br \/>\n<\/label>\n\t\t\t<\/p>\n\t\t<\/div>\n\t<\/div>\n\t<div class=\"form-submit-btn\">\n\t\t<p><input class=\"wpcf7-form-control wpcf7-submit has-spinner\" type=\"submit\" value=\"\u7acb\u5373\u9810\u7d04 (Book Now)\" \/>\n\t\t<\/p>\n\t<\/div>\n<\/div><div class=\"wpcf7-response-output\" aria-hidden=\"true\"><\/div>\n<\/form>\n<\/div>\n\n\n\n\n<script>\ndocument.addEventListener( 'wpcf7mailsent', function( event ) {\n    var inputs = event.detail.inputs;\n    \n    for ( var i = 0; i < inputs.length; i++ ) {\n        if ( 'your-name' == inputs[i].name ) { localStorage.setItem('bk_name', inputs[i].value); }\n        if ( 'tel-507' == inputs[i].name ) { localStorage.setItem('bk_phone', inputs[i].value); }\n        if ( 'date-130' == inputs[i].name ) { \n            var rawDate = inputs[i].value;\n            if(rawDate) {\n                var d = new Date(rawDate);\n                if (!isNaN(d.getTime())) {\n                    var year = d.getFullYear();\n                    var month = ('0' + (d.getMonth() + 1)).slice(-2);\n                    var day = ('0' + d.getDate()).slice(-2);\n                    localStorage.setItem('bk_date', year + '.' + month + '.' + day);\n                } else {\n                    localStorage.setItem('bk_date', rawDate.replace(\/[-\/]\/g, '.'));\n                }\n            } else {\n                localStorage.setItem('bk_date', '\u7121');\n            }\n        }\n        if ( 'text-209' == inputs[i].name ) { localStorage.setItem('bk_time', inputs[i].value); }\n        if ( 'text-189' == inputs[i].name ) { localStorage.setItem('bk_guests', inputs[i].value); }\n        if ( 'your-message' == inputs[i].name ) { localStorage.setItem('bk_message', inputs[i].value); }\n    }\n    \n    \/* \u0110\u1ea3m b\u1ea3o link n\u00e0y d\u1eabn \u0111\u00fang \u0111\u1ebfn trang x\u00e1c nh\u1eadn ti\u1ebfng Trung c\u1ee7a b\u1ea1n *\/\n    location = 'https:\/\/namgiaseafood.com\/zh-hant\/xac-nhan-dat-cho\/';\n}, false );\n<\/script>\n\n\n","protected":false},"excerpt":{"rendered":"","protected":false},"author":123,"featured_media":0,"parent":0,"menu_order":0,"comment_status":"closed","ping_status":"closed","template":"","meta":{"footnotes":""},"class_list":["post-223","page","type-page","status-publish","hentry"],"_links":{"self":[{"href":"https:\/\/namgiaseafood.com\/zh-hant\/wp-json\/wp\/v2\/pages\/223","targetHints":{"allow":["GET"]}}],"collection":[{"href":"https:\/\/namgiaseafood.com\/zh-hant\/wp-json\/wp\/v2\/pages"}],"about":[{"href":"https:\/\/namgiaseafood.com\/zh-hant\/wp-json\/wp\/v2\/types\/page"}],"author":[{"embeddable":true,"href":"https:\/\/namgiaseafood.com\/zh-hant\/wp-json\/wp\/v2\/users\/123"}],"replies":[{"embeddable":true,"href":"https:\/\/namgiaseafood.com\/zh-hant\/wp-json\/wp\/v2\/comments?post=223"}],"version-history":[{"count":3,"href":"https:\/\/namgiaseafood.com\/zh-hant\/wp-json\/wp\/v2\/pages\/223\/revisions"}],"predecessor-version":[{"id":368,"href":"https:\/\/namgiaseafood.com\/zh-hant\/wp-json\/wp\/v2\/pages\/223\/revisions\/368"}],"wp:attachment":[{"href":"https:\/\/namgiaseafood.com\/zh-hant\/wp-json\/wp\/v2\/media?parent=223"}],"curies":[{"name":"wp","href":"https:\/\/api.w.org\/{rel}","templated":true}]}}